{"id":2,"date":"2023-09-13T10:12:27","date_gmt":"2023-09-13T08:12:27","guid":{"rendered":"http:\/\/andrisa.mg\/?page_id=2"},"modified":"2023-09-23T21:55:51","modified_gmt":"2023-09-23T19:55:51","slug":"page-d-exemple","status":"publish","type":"page","link":"https:\/\/andrisa.mg\/","title":{"rendered":"A propos"},"content":{"rendered":"\n<p>Cr\u00e9\u00e9e en Mars 2023, <strong>ANDRISA<\/strong> se donne pour mission de contribuer \u00e0 l\u2019\u00e9dification d\u2019une meilleure gouvernance \u00e0 Madagascar. Conscient que chaque citoyen a le droit de vivre pleinement, il est primordial qu\u2019il ait acc\u00e8s \u00e0 des ressources pouvant lui permettre de d\u00e9velopper pleinement ses capacit\u00e9s et ses potentialit\u00e9s. Aussi, nous\u00a0 consid\u00e9rons qu\u2019une meilleure gouvernance \u00e0 tous les niveaux constitue un des facteurs d\u2019\u00e9panouissement individuel, qui peut concourir \u00e0 long terme \u00e0 l\u2019am\u00e9lioration du vivre ensemble.<\/p>\n\n\n\n<div class=\"wp-block-group alignfull has-background\" style=\"background-color:#f2f0e9\"><div class=\"wp-block-group__inner-container is-layout-flow wp-block-group-is-layout-flow\">\n<div class=\"wp-block-columns alignwide is-layout-flex wp-container-core-columns-is-layout-9d6595d7 wp-block-columns-is-layout-flex\">\n<div class=\"wp-block-column is-layout-flow wp-block-column-is-layout-flow\">\n<figure class=\"wp-block-image size-large is-resized\"><img fetchpriority=\"high\" decoding=\"async\" src=\"http:\/\/andrisa.mg\/wp-content\/uploads\/2023\/09\/IMG_20211201_1322462-1024x576.jpg\" alt=\"\" class=\"wp-image-45\" style=\"width:542px;height:305px\" width=\"542\" height=\"305\" srcset=\"https:\/\/andrisa.mg\/wp-content\/uploads\/2023\/09\/IMG_20211201_1322462-1024x576.jpg 1024w, https:\/\/andrisa.mg\/wp-content\/uploads\/2023\/09\/IMG_20211201_1322462-300x169.jpg 300w, https:\/\/andrisa.mg\/wp-content\/uploads\/2023\/09\/IMG_20211201_1322462-768x432.jpg 768w, https:\/\/andrisa.mg\/wp-content\/uploads\/2023\/09\/IMG_20211201_1322462-1536x864.jpg 1536w, https:\/\/andrisa.mg\/wp-content\/uploads\/2023\/09\/IMG_20211201_1322462-2048x1152.jpg 2048w\" sizes=\"(max-width: 542px) 100vw, 542px\" \/><\/figure>\n<\/div>\n\n\n\n<div class=\"wp-block-column is-layout-flow wp-block-column-is-layout-flow\">\n<p class=\"has-text-color has-extra-small-font-size\" style=\"color:#000000\"><strong>En effet, nous croyons qu\u2019une meilleure gouvernance contribue \u00e0 l\u2019accomplissement des\u00a0 droits \u00e9conomiques, sociaux et culturels. Aussi, nous \u0153uvrons pour que chaque citoyen ait le droit d\u2019acc\u00e8s \u00e0 des informations concernant :<\/strong> <\/p>\n\n\n\n<ul class=\"wp-block-list\">\n<li>Ses droits et ses devoirs&nbsp;;<\/li>\n\n\n\n<li>L\u2019Etat actuelle et future des ressources naturelles et de la biodiversit\u00e9 du Pays\u00a0;<\/li>\n\n\n\n<li>Les opportunit\u00e9s, les bonnes pratiques et les innovations lui permettant de cr\u00e9er et d\u2019entreprendre durablement.<\/li>\n<\/ul>\n<\/div>\n<\/div>\n<\/div><\/div>\n\n\n\n<div class=\"wp-block-group alignfull has-background\" style=\"background-color:#f2f0e9\"><div class=\"wp-block-group__inner-container is-layout-flow wp-block-group-is-layout-flow\">\n<div class=\"wp-block-columns alignwide is-layout-flex wp-container-core-columns-is-layout-9d6595d7 wp-block-columns-is-layout-flex\">\n<div class=\"wp-block-column is-layout-flow wp-block-column-is-layout-flow\">\n<p class=\"has-text-color has-extra-small-font-size\" style=\"color:#000000\"><strong>Ainsi, chaque citoyen a le droit d\u2019acc\u00e8s \u00e0 des informations pour :<\/strong><\/p>\n\n\n\n<ul class=\"wp-block-list\">\n<li>Pouvoir exercer pleinement ses droits&nbsp;;<\/li>\n\n\n\n<li>Pouvoir entreprendre et produire de mani\u00e8re durable et responsable&nbsp;;<\/li>\n\n\n\n<li>Prendre part \u00e0 la vie culturelle de la communaut\u00e9&nbsp;;<\/li>\n\n\n\n<li>Acc\u00e9der et tirer parti des connaissances disponibles et universelles&nbsp;;<\/li>\n\n\n\n<li>Am\u00e9liorer sa compr\u00e9hension&nbsp; de la singularit\u00e9 et de la diversit\u00e9.<\/li>\n<\/ul>\n<\/div>\n\n\n\n<div class=\"wp-block-column is-layout-flow wp-block-column-is-layout-flow\">\n<figure class=\"wp-block-image size-large is-resized\"><img decoding=\"async\" src=\"http:\/\/andrisa.mg\/wp-content\/uploads\/2023\/09\/IMG_20220730_153300-edited-scaled.jpg\" alt=\"\" class=\"wp-image-47\" style=\"width:421px;height:316px\" width=\"421\" height=\"316\"\/><\/figure>\n<\/div>\n<\/div>\n\n\n\n<hr class=\"wp-block-separator has-alpha-channel-opacity\"\/>\n<\/div><\/div>\n\n\n\n<p class=\"has-white-background-color has-background\">Pour cela, l\u2019ONG ANDRISA s\u2019efforcera de promouvoir une meilleure gouvernance pour la protection des droits \u00e9conomiques, sociaux et culturels en&nbsp;:<\/p>\n\n\n\n<ul class=\"wp-block-list\">\n<li>menant des actions de sensibilisations et de divulgation, pour la connaissance et la compr\u00e9hension des droits humains&nbsp;;<\/li>\n\n\n\n<li>contribuant au d\u00e9veloppement d\u2019une culture de la responsabilit\u00e9 et de la durabilit\u00e9&nbsp;;<\/li>\n\n\n\n<li>contribuant \u00e0 l\u2019\u00e9laboration, la mise en \u0153uvre et l\u2019\u00e9valuation des politiques publiques, tendant \u00e0 r\u00e9duire les in\u00e9galit\u00e9s entre les populations, pour le d\u00e9veloppement durable&nbsp;;<\/li>\n\n\n\n<li>renfor\u00e7ant le partenariat entre le secteur priv\u00e9, l\u2019Etat et les Organisations de la Soci\u00e9t\u00e9 Civile pour assurer la promotion et la protection des droits \u00e9conomiques, sociaux et culturels&nbsp;;<\/li>\n\n\n\n<li>renfor\u00e7ant les capacit\u00e9s des entrepreneurs, des organisations de la soci\u00e9t\u00e9 civile et des collectivit\u00e9s territoriales, pour\u00a0 une meilleure gouvernance des Ressources disponibles au niveau local\u00a0;<\/li>\n\n\n\n<li>mettant \u00e0 disposition de chaque citoyen, des informations cr\u00e9dibles, exhaustives, fiables et abondantes pour le plein exercice de leurs droits \u00e9conomiques, sociaux et culturels.<\/li>\n<\/ul>\n\n\n\n<div class=\"wp-block-media-text alignwide is-stacked-on-mobile is-vertically-aligned-top\"><figure class=\"wp-block-media-text__media\"><img decoding=\"async\" width=\"768\" height=\"1024\" src=\"http:\/\/andrisa.mg\/wp-content\/uploads\/2023\/09\/IMG_20220724_075448-768x1024.jpg\" alt=\"\" class=\"wp-image-55 size-full\" srcset=\"https:\/\/andrisa.mg\/wp-content\/uploads\/2023\/09\/IMG_20220724_075448-768x1024.jpg 768w, https:\/\/andrisa.mg\/wp-content\/uploads\/2023\/09\/IMG_20220724_075448-225x300.jpg 225w, https:\/\/andrisa.mg\/wp-content\/uploads\/2023\/09\/IMG_20220724_075448-1152x1536.jpg 1152w, https:\/\/andrisa.mg\/wp-content\/uploads\/2023\/09\/IMG_20220724_075448-1536x2048.jpg 1536w, https:\/\/andrisa.mg\/wp-content\/uploads\/2023\/09\/IMG_20220724_075448-scaled.jpg 1920w\" sizes=\"(max-width: 768px) 100vw, 768px\" \/><\/figure><div class=\"wp-block-media-text__content\">\n<h3 class=\"wp-block-heading has-text-align-center has-text-color\" style=\"color:#000000\"><strong><strong>Que veut dire ANDRISA ?<\/strong><\/strong><\/h3>\n\n\n\n<p class=\"has-text-align-left has-extra-small-font-size\">Le terme  <strong>Andrisa<\/strong>  est utilis\u00e9 dans le Nord de Madagascar pour nommer l\u2019Ancre d\u2019un navire ou d\u2019une embarcation.\u00a0Dans le monde marin, l\u2019ancre sert \u00e0 \u00e9viter que le bateau ne d\u00e9rive et qu\u2019il reste stable malgr\u00e9 les vents et mar\u00e9es lors du mouillage. En cas de temp\u00eate, l\u2019ancre est jet\u00e9e pour \u00e9viter que le bateau ne chavire. Dans de nombreuses cultures, l&rsquo;ancre est traditionnellement associ\u00e9e \u00e0 la stabilit\u00e9, \u00e0 la s\u00e9curit\u00e9 et \u00e0 l&rsquo;enracinement. Lorsqu&rsquo;un navire jette l&rsquo;ancre, cela signifie qu&rsquo;il s&rsquo;arr\u00eate et s\u2019\u00e9tablit dans un endroit sp\u00e9cifique, ce qui peut symboliser la s\u00e9curit\u00e9 et la protection contre les \u00e9l\u00e9ments naturels tels que le vent et les vagues. <\/p>\n\n\n\n<p>Dans le contexte de l\u2019am\u00e9lioration de la gouvernance, l&rsquo;ancre peut \u00eatre consid\u00e9r\u00e9e comme symbole d&rsquo;espoir et de confiance en l&rsquo;avenir. En effet, la gouvernance consiste \u00e0 diriger et \u00e0 administrer un groupe, une entreprise, une communaut\u00e9 ou un Pays pour atteindre des objectifs sp\u00e9cifiques, tels que la croissance et la prosp\u00e9rit\u00e9. L&rsquo;ancre peut \u00eatre vue comme une m\u00e9taphore sur la n\u00e9cessit\u00e9 de fournir un leadership efficace pour l&rsquo;avenir, afin de maintenir un cap constant, vers un objectif proche ou lointain, malgr\u00e9 les vents et mar\u00e9es.<\/p>\n<\/div><\/div>\n\n\n\n<p class=\"has-very-light-gray-to-cyan-bluish-gray-gradient-background has-background\">Comme un navire qui jette l&rsquo;ancre pour rester en place, malgr\u00e9 les vents contraires, les acteurs de la\u00a0 soci\u00e9t\u00e9 civile, le secteur priv\u00e9 et l\u2019Etat doivent faire face aux d\u00e9fis actuels et futurs en restant fid\u00e8les \u00e0 leur vision et en travaillant de mani\u00e8re coh\u00e9rente et coordonn\u00e9e pour atteindre leurs objectifs. Ainsi, nous nous proposons de contribuer \u00e0 l\u2019am\u00e9lioration de la gouvernance, par l\u2019appui aux diff\u00e9rents acteurs et parties prenantes, pour la compr\u00e9hension commune des enjeux actuels, par la mise \u00e0 disposition de tous des informations et connaissances afin de renforcer l\u2019\u00e9laboration d\u2019objectifs claires, l\u2019\u00e9dification de strat\u00e9gies durables et responsables et la collaboration pour le bien-\u00eatre humain.<\/p>\n","protected":false},"excerpt":{"rendered":"<p>Cr\u00e9\u00e9e en Mars 2023, ANDRISA se donne pour mission de contribuer \u00e0 l\u2019\u00e9dification d\u2019une meilleure gouvernance \u00e0 Madagascar. Conscient que chaque citoyen a le droit de vivre pleinement, il est primordial qu\u2019il ait acc\u00e8s \u00e0 des ressources pouvant lui permettre de d\u00e9velopper pleinement ses capacit\u00e9s et ses potentialit\u00e9s. Aussi, nous\u00a0 consid\u00e9rons qu\u2019une meilleure gouvernance \u00e0 tous les niveaux constitue un [&hellip;]<\/p>\n","protected":false},"author":1,"featured_media":0,"parent":0,"menu_order":0,"comment_status":"closed","ping_status":"open","template":"","meta":{"_eb_attr":"","footnotes":""},"class_list":["post-2","page","type-page","status-publish","hentry"],"_links":{"self":[{"href":"https:\/\/andrisa.mg\/index.php?rest_route=\/wp\/v2\/pages\/2","targetHints":{"allow":["GET"]}}],"collection":[{"href":"https:\/\/andrisa.mg\/index.php?rest_route=\/wp\/v2\/pages"}],"about":[{"href":"https:\/\/andrisa.mg\/index.php?rest_route=\/wp\/v2\/types\/page"}],"author":[{"embeddable":true,"href":"https:\/\/andrisa.mg\/index.php?rest_route=\/wp\/v2\/users\/1"}],"replies":[{"embeddable":true,"href":"https:\/\/andrisa.mg\/index.php?rest_route=%2Fwp%2Fv2%2Fcomments&post=2"}],"version-history":[{"count":10,"href":"https:\/\/andrisa.mg\/index.php?rest_route=\/wp\/v2\/pages\/2\/revisions"}],"predecessor-version":[{"id":56,"href":"https:\/\/andrisa.mg\/index.php?rest_route=\/wp\/v2\/pages\/2\/revisions\/56"}],"wp:attachment":[{"href":"https:\/\/andrisa.mg\/index.php?rest_route=%2Fwp%2Fv2%2Fmedia&parent=2"}],"curies":[{"name":"wp","href":"https:\/\/api.w.org\/{rel}","templated":true}]}}