{"id":13,"date":"2023-09-13T10:55:44","date_gmt":"2023-09-13T08:55:44","guid":{"rendered":"http:\/\/andrisa.mg\/?page_id=13"},"modified":"2023-09-24T09:40:32","modified_gmt":"2023-09-24T07:40:32","slug":"notre-equipe","status":"publish","type":"page","link":"https:\/\/andrisa.mg\/?page_id=13","title":{"rendered":"Notre \u00e9quipe"},"content":{"rendered":"\n<p class=\"has-text-align-center\"><strong>Nos fondateurs<\/strong><\/p>\n\n\n\n<div class=\"wp-block-group\"><div class=\"wp-block-group__inner-container is-layout-constrained wp-block-group-is-layout-constrained\">\n<div class=\"wp-block-columns is-layout-flex wp-container-core-columns-is-layout-9d6595d7 wp-block-columns-is-layout-flex\">\n<div class=\"wp-block-column is-layout-flow wp-block-column-is-layout-flow\" style=\"flex-basis:100%\">\n<div class=\"wp-block-essential-blocks-team-member\"><div class=\"eb-parent-wrapper eb-parent-eb-team-member-xbr54he \"><div class=\"eb-team-member-xbr54he eb-team-wrapper\"><div class=\"eb-team-inner\"><div class=\"image\"><img decoding=\"async\" class=\"avatar\" src=\"http:\/\/andrisa.mg\/wp-content\/uploads\/2023\/09\/309454439_10221838144531539_5676034002147858636_n.jpg\" alt=\"ANDRIANASOLO Li\"\/><\/div><div class=\"contents\"><div class=\"texts\"><h3 class=\"name\">ANDRIANASOLO Li<\/h3><h4 class=\"job_title\">co-fondateur<\/h4><p class=\"description\">Titulaire d\u2019un Master II en Sciences Politiques, sp\u00e9cialit\u00e9 Environnement et D\u00e9veloppement Durable, il est \u00e9galement dipl\u00f4m\u00e9 en M\u00e9diation Culturelle\u00a0 et a fait des \u00e9tudes en Marketing et Communication.\u00a0<br>Apr\u00e8s avoir \u00e9t\u00e9 le Responsable de la communication et Chef de projet au sein de l\u2019Association Famelona pour la gestion d\u2019aires prot\u00e9g\u00e9es dans le Nord-Ouest de Madagascar, il int\u00e8gre son Comit\u00e9 Directeur en 2023 en tant que Secr\u00e9taire.\u00a0 Auparavant, il a occup\u00e9 des postes de responsabilit\u00e9 dans le domaine du Marketing au sein d&rsquo;un eco-Lodge de luxe dans le Nord-Ouest de Madagascar, dans le domaine de la culture et de l\u2019\u00e9v\u00e8nementiel au sein de l\u2019IKM Antsahavola et de l\u2019Alliance Fran\u00e7aise d\u2019Antananarivo. Enseignant Vacataire au sein du Parcours Management et M\u00e9diation Culturelle de la Facult\u00e9 des Lettres et Sciences Humaines \u00e0 l\u2019Universit\u00e9 d\u2019Antananarivo, il consid\u00e8re que la prise en compte et l\u2019int\u00e9gration de la dimension culturelle dans la gouvernance des ressources naturelles peut contribuer \u00e0 faciliter la coh\u00e9sion et la mobilisation sociale autour des enjeux de la conservation de la biodiversit\u00e9, de la promotion de la diversit\u00e9 culturelle et du vivre ensemble. Passionn\u00e9 de Photographie, il utilise ce m\u00e9dium pour aller \u00e0 la rencontre des communaut\u00e9s afin de retrouver la simplicit\u00e9 des choses de la vie.<br><\/p><\/div><\/div><\/div><\/div><\/div><\/div>\n\n\n\n<div class=\"wp-block-essential-blocks-team-member\"><div class=\"eb-parent-wrapper eb-parent-eb-team-member-8bghj2p \"><div class=\"eb-team-member-8bghj2p eb-team-wrapper\"><div class=\"eb-team-inner\"><div class=\"image\"><img decoding=\"async\" class=\"avatar\" src=\"http:\/\/andrisa.mg\/wp-content\/uploads\/2023\/09\/294564119_10226362592438424_729320130938319241_n.jpg\" alt=\"BARINIRINA ANDRIAMANANJARA Rova\"\/><\/div><div class=\"contents\"><div class=\"texts\"><h3 class=\"name\">BARINIRINA ANDRIAMANANJARA Rova<\/h3><h4 class=\"job_title\">co-fondateur<\/h4><p class=\"description\">Juriste de formation et titulaire d\u2019un Master II en Sciences Sociales, Rova b\u00e9n\u00e9ficie de plus de 10 ans d\u2019exp\u00e9rience au sein de la soci\u00e9t\u00e9 civile Malagasy autour des questions de d\u00e9veloppement durable et environnementales. \u00c0 ses d\u00e9buts, elle a travaill\u00e9 au sein d\u2019un Programme de d\u00e9veloppement rural Suisse tout en enseignant l\u2019\u00e9conomie et le droit dans un lyc\u00e9e homologu\u00e9 fran\u00e7ais et une universit\u00e9 priv\u00e9e \u00e0 Madagascar. En 2015, elle s\u2019est occup\u00e9e du secr\u00e9tariat technique d\u2019une association regroupant des experts et des praticiens en suivi et \u00e9valuation. Elle int\u00e8gre ensuite l\u2019ONG SAHA en tant que Responsable du volet Soci\u00e9t\u00e9 Civile et travaille alors sur les questions de gouvernance et de lutte contre la corruption, et \u00e9galement sur le Projet de Loi de Finances 2018 de Madagascar.\u00a0<br><br>Depuis octobre 2019, Rova a rejoint le think-and-do-tank INDRI. Elle y assure la coh\u00e9rence et la qualit\u00e9 du cycle de vie des projets et la mise en \u0153uvre des activit\u00e9s op\u00e9rationnelles. Elle a par ailleurs\u00a0 fortement contribu\u00e9 \u00e0 donner l\u2019alerte sur l\u2019ampleur de la pollution de l\u2019air \u00e0 Antananarivo, via les r\u00e9seaux sociaux et les m\u00e9dias. Elle est \u00e9galement membre, en tant qu\u2019\u00e9valuateur \u00e9mergent, de Malagasy Association for Evaluation (MASSE). Elle a \u00e9galement \u00e9t\u00e9 s\u00e9lectionn\u00e9e pour faire partie de la 1\u00e8re cohorte du Programme de Leadership pour l&rsquo;Environnement de Madagascar dispens\u00e9 par Maliasili.<br>.<\/p><\/div><\/div><\/div><\/div><\/div><\/div>\n\n\n\n<div class=\"wp-block-essential-blocks-team-member\"><div class=\"eb-parent-wrapper eb-parent-eb-team-member-mbj7u7r \"><div class=\"eb-team-member-mbj7u7r eb-team-wrapper\"><div class=\"eb-team-inner\"><div class=\"image\"><img decoding=\"async\" class=\"avatar\" src=\"http:\/\/andrisa.mg\/wp-content\/uploads\/2023\/09\/298423765_2402336489904113_4028593159076001987_n.jpg\" alt=\"RAKOTOARIVELO Dera Valisoa\"\/><\/div><div class=\"contents\"><div class=\"texts\"><h3 class=\"name\">RAKOTOARIVELO Dera Valisoa<\/h3><h4 class=\"job_title\">co-fondateur<\/h4><p class=\"description\">Fort d&rsquo;une solide formation acad\u00e9mique, Dera est titulaire d&rsquo;une Ma\u00eetrise en Sociologie, d&rsquo;un Master II en Communication, ainsi que d&rsquo;un Master II en Sciences Politiques. <br>L&rsquo;\u00e9ducation pour tous est au c\u0153ur de ses pr\u00e9occupations, et en tant qu&rsquo;enseignant en Sciences \u00c9conomiques et Sociales au sein d&rsquo;un Lyc\u00e9e Public \u00e0 Moramanga, il transmet avec passion ses connaissances et inspire les g\u00e9n\u00e9rations futures \u00e0 comprendre les enjeux \u00e9conomiques et sociaux qui fa\u00e7onnent notre monde.<br>Mais son engagement ne s&rsquo;arr\u00eate pas aux murs de l&rsquo;\u00e9cole. Avant de se consacrer \u00e0 l&rsquo;\u00e9ducation et au d\u00e9veloppement local, il a acquis une exp\u00e9rience pr\u00e9cieuse en tant que Responsable Communication et Marketing au sein d&rsquo;une entreprise de high-tech de la capitale. De plus, il a travaill\u00e9 pour diverses stations de radio et de t\u00e9l\u00e9vision \u00e0 Antananarivo et Ambositra.<br>Son engagement et sa capacit\u00e9 \u00e0 mettre en pratique ses connaissances en font un acteur cl\u00e9 dans la promotion de l&rsquo;\u00e9ducation pour tous, l&rsquo;am\u00e9lioration des conditions de vie de la communaut\u00e9 et l&rsquo;am\u00e9lioration de la gouvernance \u00e0 Madagascar.<\/p><\/div><\/div><\/div><\/div><\/div><\/div>\n\n\n\n<div class=\"wp-block-essential-blocks-team-member\"><div class=\"eb-parent-wrapper eb-parent-eb-team-member-k89knuk \"><div class=\"eb-team-member-k89knuk eb-team-wrapper\"><div class=\"eb-team-inner\"><div class=\"image\"><img decoding=\"async\" class=\"avatar\" src=\"http:\/\/andrisa.mg\/wp-content\/uploads\/2023\/09\/sariaka.png\" alt=\"RAKOTOMALALA Dimbisoa Sariaka\"\/><\/div><div class=\"contents\"><div class=\"texts\"><h3 class=\"name\">RAKOTOMALALA Dimbisoa Sariaka<\/h3><h4 class=\"job_title\">co-fondateur<\/h4><p class=\"description\">Dipl\u00f4m\u00e9e en Master II de Biologie et Ecologie V\u00e9g\u00e9tales de la Facult\u00e9 des Sciences de l&rsquo;Universit\u00e9 d&rsquo;Antananarivo, elle a d\u00e9velopp\u00e9 ses comp\u00e9tences dans le montage, la coordination et surtout dans le suivi-\u00e9valuation de projet.\u00a0\u00a0\u00a0<br>Auparavant, Sariaka a travaill\u00e9 dans diff\u00e9rentes institutions nationales et internationales en tant que consultante \u00e9co-biologiste, pour la mise \u0153uvre des projets de recherche scientifique, de conservation de la biodiversit\u00e9 et de d\u00e9veloppement communautaire, dans plusieurs r\u00e9gions de Madagascar. De 2019 \u00e0 2022, elle a occup\u00e9 le poste de Responsable de Suivi et \u00c9valuation (RSE) dans le cadre du projet SOS Lemurs, financ\u00e9 par l\u2019 IUCN\u00a0 \u00e0 Mahatsara, Andasibe. A titre de consultante, elle a assur\u00e9 l\u2019\u00e9valuation finale des projets de d\u00e9veloppement communautaire en collaboration avec l\u2019ONG EDI qui \u0153uvre dans l\u2019\u00e9ducation des enfants d\u00e9favoris\u00e9s \u00e0 Madagascar. Elle assure \u00e9galement le r\u00f4le de coordinatrice des projets environnementaux au sein de son \u00e9glise dans le cadre de lutte contre le changement climatique.\u00a0<br>Ces exp\u00e9riences l&rsquo;ont aid\u00e9 \u00e0 d\u00e9couvrir plusieurs cultures, \u00e9changer avec les communaut\u00e9s locales, connecter avec la nature et en m\u00eame temps, accomplir ses missions en tant qu&rsquo; acteur\u00a0 dans la conservation. Pour elle, si les capacit\u00e9s institutionnelles et techniques des groupes communautaires et des autorit\u00e9s locales sont renforc\u00e9es pour g\u00e9rer efficacement leurs ressources naturelles, alors, les esp\u00e8ces cl\u00e9s, les habitats naturels seront conserv\u00e9s de mani\u00e8re durable, le bien-\u00eatre humain sera prot\u00e9g\u00e9 et am\u00e9lior\u00e9 gr\u00e2ce aux services \u00e9cosyst\u00e9miques associ\u00e9s.\u00a0<br><\/p><\/div><\/div><\/div><\/div><\/div><\/div>\n\n\n\n<div class=\"wp-block-essential-blocks-team-member\"><div class=\"eb-parent-wrapper eb-parent-eb-team-member-74jp1nq \"><div class=\"eb-team-member-74jp1nq eb-team-wrapper\"><div class=\"eb-team-inner\"><div class=\"image\"><img decoding=\"async\" class=\"avatar\" src=\"http:\/\/andrisa.mg\/wp-content\/plugins\/essential-blocks\/assets\/images\/user.jpg\" alt=\"RANDRIAMBOLOLONA Erick\"\/><\/div><div class=\"contents\"><div class=\"texts\"><h3 class=\"name\">RANDRIAMBOLOLONA Erick<\/h3><h4 class=\"job_title\">co-fondateur<\/h4><p class=\"description\">Ayant acquis plusieurs ann\u00e9es exp\u00e9riences au sein de divers d\u00e9partements administratif et financiers de diff\u00e9rents structures Associatives \u00e0 Madagascar tels que l&rsquo;Alliance Fran\u00e7aise d&rsquo;Antananarivo, le Cercle Germano-Malagasy et le R\u00e9seau MIHARI, il travaille actuellement au sein d&rsquo;un organisme qui oeuvre pour l&rsquo;int\u00e9gration des femmes dans \u00e9lectrification rurale. Engag\u00e9 dans l&rsquo;am\u00e9lioration des pratiques de gouvernance Associatives qui priorise les impacts et retomb\u00e9es aupr\u00e8s des b\u00e9n\u00e9ficiaires locaux, il oriente sa carri\u00e8re et ses activit\u00e9s pour \u00eatre au plus proche des communaut\u00e9s et am\u00e9liorer leurs conditions socio-\u00e9conomiques.<\/p><\/div><\/div><\/div><\/div><\/div><\/div>\n\n\n\n<div class=\"wp-block-essential-blocks-team-member\"><div class=\"eb-parent-wrapper eb-parent-eb-team-member-4w80sw0 \"><div class=\"eb-team-member-4w80sw0 eb-team-wrapper\"><div class=\"eb-team-inner\"><div class=\"image\"><img decoding=\"async\" class=\"avatar\" src=\"http:\/\/andrisa.mg\/wp-content\/uploads\/2023\/09\/314514320_448876897315054_1768847307851476758_n-1.jpg\" alt=\"RAMANGASALAMA Samitia\"\/><\/div><div class=\"contents\"><div class=\"texts\"><h3 class=\"name\">RAMANGASALAMA Samitia<\/h3><h4 class=\"job_title\">co-fondateur<\/h4><p class=\"description\">Titulaire d&rsquo;un Master II en Formation d\u2019Adultes de l\u2019Ecole Normale Sup\u00e9rieure de l&rsquo;Universit\u00e9 de Fianarantsoa et d&rsquo;une Licence en Gestion de la Facult\u00e9 DEGS de l\u2019Universit\u00e9 d\u2019Antananarivo, elle\u00a0allie expertise th\u00e9orique et comp\u00e9tences pratiques. Cumulant 12 ann\u00e9es d&rsquo;exp\u00e9riences dans l&rsquo;administration publique, elle a acquis une connaissance approfondie des enjeux socio-\u00e9conomiques actuels.<br>M\u00e8re de famille et engag\u00e9e en faveur de l&rsquo;ind\u00e9pendance financi\u00e8re des femmes, elle s&rsquo;investit passionn\u00e9ment pour cr\u00e9er des opportunit\u00e9s d&rsquo;autonomisation \u00e0 travers l&rsquo;\u00e9ducation et l&rsquo;entrepreneuriat. Son parcours professionnel et son d\u00e9vouement en font un acteur pr\u00e9cieux dans la lutte pour l&rsquo;\u00e9galit\u00e9 des genres et l&rsquo;autonomisation \u00e9conomique des femmes.<\/p><\/div><\/div><\/div><\/div><\/div><\/div>\n\n\n\n<div class=\"wp-block-essential-blocks-team-member\"><div class=\"eb-parent-wrapper eb-parent-eb-team-member-028iej8 \"><div class=\"eb-team-member-028iej8 eb-team-wrapper\"><div class=\"eb-team-inner\"><div class=\"image\"><img decoding=\"async\" class=\"avatar\" src=\"http:\/\/andrisa.mg\/wp-content\/plugins\/essential-blocks\/assets\/images\/user.jpg\" alt=\"ANDRIANJAFY MASAHODY St\u00e9phan\"\/><\/div><div class=\"contents\"><div class=\"texts\"><h3 class=\"name\">ANDRIANJAFY MASAHODY St\u00e9phan<\/h3><h4 class=\"job_title\">co-fondateur<\/h4><p class=\"description\">Titulaire d\u2019un dipl\u00f4me d&rsquo;\u00e9tude en Sciences de l&rsquo;Environnement, sp\u00e9cialis\u00e9 en Biologie de Conservation \u00e0 la Facult\u00e9 des Sciences de l\u2019Universit\u00e9 d\u2019Antananarivo St\u00e9phan MASAHODY a \u00e9t\u00e9 le Responsable paysage de l\u2019Association Famelona pour la gestion d\u2019aires prot\u00e9g\u00e9es dans la R\u00e9gion DIANA, au Nord-Ouest de Madagascar, et a \u00e9t\u00e9 le Chef de site au sein de l\u2019aire prot\u00e9g\u00e9e terrestre Ampasindava.\u00a0 Actuellement chef de site de l&rsquo;Aire marine prot\u00e9g\u00e9e Ankivonjy, il consid\u00e8re que les enjeux socio-\u00e9conomiques et culturels doivent \u00eatre au c\u0153ur des interventions pour\u00a0 une approche int\u00e9gr\u00e9e de la conservation et la pr\u00e9servation des \u00e9cosyst\u00e8mes. En outre, le travail aupr\u00e8s des communaut\u00e9s, pour qu\u2019elle soit inclusive, demande de la patience et parfois des approches andragogique bienveillantes, empathiques et adapt\u00e9e \u00e0 une population cosmopolite.<br><\/p><\/div><\/div><\/div><\/div><\/div><\/div>\n\n\n\n<div class=\"wp-block-essential-blocks-team-member\"><div class=\"eb-parent-wrapper eb-parent-eb-team-member-mxdvi0f \"><div class=\"eb-team-member-mxdvi0f eb-team-wrapper\"><div class=\"eb-team-inner\"><div class=\"image\"><img decoding=\"async\" class=\"avatar\" src=\"http:\/\/andrisa.mg\/wp-content\/uploads\/2023\/09\/65888293_10219711438801911_6025382174717378560_n.jpg\" alt=\"RAOELINA Noah\"\/><\/div><div class=\"contents\"><div class=\"texts\"><h3 class=\"name\">RAOELINA Noah<\/h3><h4 class=\"job_title\">co-fondateur<\/h4><p class=\"description\">N\u00e9 en 1987 \u00e0 Vatomandry, une ville pittoresque de Madagascar, RAOELINA Noah a su tracer un chemin exceptionnel dans le monde du management et de la m\u00e9diation culturelle. Conscient de l&rsquo;importance de promouvoir les talents artistiques de son pays, il a cr\u00e9\u00e9 de remarquables initiatives telles que le label Lamba 1, le Dago Festival, le Kozy 25&rsquo;n et bien d&rsquo;autres. Ces projets ont, non seulement fa\u00e7onn\u00e9 la sc\u00e8ne culturelle malgache, mais ont \u00e9galement cr\u00e9\u00e9 de nouvelles opportunit\u00e9s pour les artistes locaux.<br>D\u00e8s son plus jeune \u00e2ge, Noah a montr\u00e9 un int\u00e9r\u00eat marqu\u00e9 pour l&rsquo;art, un int\u00e9r\u00eat qui s&rsquo;est transform\u00e9 en vocation apr\u00e8s avoir mont\u00e9 son premier festival en 2009, le Festival Ampefiloha. Alors \u00e9tudiant en travail social, ce projet audacieux a fait na\u00eetre en lui une passion ind\u00e9niable pour le secteur culturel malgache. D\u00e9cidant de changer de cap, il a abandonn\u00e9 ses \u00e9tudes de travail social pour revenir en premi\u00e8rre ann\u00e9e \u00e0 la Facult\u00e9 des Lettres et Sciences Humaines au sein du parcours Management et M\u00e9diation culturelle. En deuxi\u00e8me ann\u00e9e, Noah s&rsquo;est fait par le projet ART MADA 2, financ\u00e9 par le FSP, pour lequel il a men\u00e9 une enqu\u00eate approfondie sur le paysage culturel de Madagascar. Ce travail acharn\u00e9 et cette d\u00e9votion ont ouvert de nouvelles portes, lui permettant d&rsquo;\u00eatre embauch\u00e9 par le Centre de Ressources des Arts Actuels de Madagascar (CRAAM) en tant que charg\u00e9 de production ou il a pass\u00e9 trois ann\u00e9es productives, acqu\u00e9rant des comp\u00e9tences pr\u00e9cieuses et approfondissant sa compr\u00e9hension du monde culturel Malgache. Suite \u00e0 cela, il a \u00e9t\u00e9 recrut\u00e9 par l&rsquo;Is&rsquo;Art<br>Galerie en tant qu&rsquo;administrateur. Depuis, il a \u00e9t\u00e9 recrut\u00e9 en tant que r\u00e9gisseur pour plusieurs structures importantes, notamment l&rsquo;Alliance Fran\u00e7aise d&rsquo;Antananarivo, Gasy Studio Lab pour la s\u00e9rie TV Lova diffus\u00e9 sur Canal+ Madagascar, la Fondation H et, plus r\u00e9cemment, Ony House de l&rsquo;association Ony.<br>Conscient de l&rsquo;importance de promouvoir les talents artistiques Malgaches, il a cr\u00e9\u00e9 de remarquables initiatives telles que le label Lamba 1, le Dago Festival, le Kozy 25&rsquo;n et bien d&rsquo;autres. \u00c0 travers son travail et ses r\u00e9alisations, RAOELINA Noah s&rsquo;efforce aujourd&rsquo;hui de faire briller l&rsquo;art et la culture malgache.<br><br><br><br><br><br><\/p><\/div><\/div><\/div><\/div><\/div><\/div>\n<\/div>\n<\/div>\n<\/div><\/div>\n","protected":false},"excerpt":{"rendered":"<p>Nos fondateurs<\/p>\n","protected":false},"author":1,"featured_media":0,"parent":0,"menu_order":0,"comment_status":"closed","ping_status":"closed","template":"","meta":{"_eb_attr":"","footnotes":""},"class_list":["post-13","page","type-page","status-publish","hentry"],"_links":{"self":[{"href":"https:\/\/andrisa.mg\/index.php?rest_route=\/wp\/v2\/pages\/13","targetHints":{"allow":["GET"]}}],"collection":[{"href":"https:\/\/andrisa.mg\/index.php?rest_route=\/wp\/v2\/pages"}],"about":[{"href":"https:\/\/andrisa.mg\/index.php?rest_route=\/wp\/v2\/types\/page"}],"author":[{"embeddable":true,"href":"https:\/\/andrisa.mg\/index.php?rest_route=\/wp\/v2\/users\/1"}],"replies":[{"embeddable":true,"href":"https:\/\/andrisa.mg\/index.php?rest_route=%2Fwp%2Fv2%2Fcomments&post=13"}],"version-history":[{"count":20,"href":"https:\/\/andrisa.mg\/index.php?rest_route=\/wp\/v2\/pages\/13\/revisions"}],"predecessor-version":[{"id":60,"href":"https:\/\/andrisa.mg\/index.php?rest_route=\/wp\/v2\/pages\/13\/revisions\/60"}],"wp:attachment":[{"href":"https:\/\/andrisa.mg\/index.php?rest_route=%2Fwp%2Fv2%2Fmedia&parent=13"}],"curies":[{"name":"wp","href":"https:\/\/api.w.org\/{rel}","templated":true}]}}